{"id":112,"date":"2021-10-24T14:11:27","date_gmt":"2021-10-24T18:11:27","guid":{"rendered":"http:\/\/www.levelupsbh.com\/?page_id=112"},"modified":"2021-10-24T18:29:49","modified_gmt":"2021-10-24T22:29:49","slug":"expertise-societe","status":"publish","type":"page","link":"http:\/\/www.levelupsbh.com\/?page_id=112","title":{"rendered":"Expertise \u00ab\u00a0Soci\u00e9t\u00e9\u00a0\u00bb"},"content":{"rendered":"\n<p>Artisans, Auto-entrepreneur, Petites et Moyennes Entreprises, H\u00f4tels: Un informaticien \u00e0 votre \u00e9coute et \u00e0 la port\u00e9e de tous\u2026 N\u2019h\u00e9sitez plus!<\/p>\n\n\n\n<p>Demandez l&rsquo;expertise de votre installation informatique, et profitez d&rsquo;un rapport complet et des conseils de qualit\u00e9s. Je vous propose plusieurs formules adapt\u00e9es \u00e0 la taille de votre soci\u00e9t\u00e9, m\u00eame la plus petite!<\/p>\n\n\n\n<p><\/p>\n\n\n\n<div class=\"wp-block-image\"><figure class=\"aligncenter size-full\"><img loading=\"lazy\" decoding=\"async\" width=\"616\" height=\"670\" src=\"http:\/\/www.levelupsbh.com\/wp-content\/uploads\/2021\/10\/logo-ordi-level-up-fond-noir-copie.png\" alt=\"\" class=\"wp-image-148\" srcset=\"http:\/\/www.levelupsbh.com\/wp-content\/uploads\/2021\/10\/logo-ordi-level-up-fond-noir-copie.png 616w, http:\/\/www.levelupsbh.com\/wp-content\/uploads\/2021\/10\/logo-ordi-level-up-fond-noir-copie-276x300.png 276w\" sizes=\"auto, (max-width: 616px) 100vw, 616px\" \/><\/figure><\/div>\n\n\n\n<p><br><\/p>\n","protected":false},"excerpt":{"rendered":"<p>Artisans, Auto-entrepreneur, Petites et Moyennes Entreprises, H\u00f4tels: Un informaticien \u00e0 votre \u00e9coute et \u00e0 la port\u00e9e de tous\u2026 N\u2019h\u00e9sitez plus! Demandez l&rsquo;expertise de votre installation informatique, et profitez d&rsquo;un rapport complet et des conseils de qualit\u00e9s. Je vous propose plusieurs &hellip; <a href=\"http:\/\/www.levelupsbh.com\/?page_id=112\">Continuer la lecture <span class=\"meta-nav\">&rarr;<\/span><\/a><\/p>\n","protected":false},"author":1,"featured_media":0,"parent":0,"menu_order":0,"comment_status":"closed","ping_status":"closed","template":"","meta":{"footnotes":""},"class_list":["post-112","page","type-page","status-publish","hentry"],"_links":{"self":[{"href":"http:\/\/www.levelupsbh.com\/index.php?rest_route=\/wp\/v2\/pages\/112","targetHints":{"allow":["GET"]}}],"collection":[{"href":"http:\/\/www.levelupsbh.com\/index.php?rest_route=\/wp\/v2\/pages"}],"about":[{"href":"http:\/\/www.levelupsbh.com\/index.php?rest_route=\/wp\/v2\/types\/page"}],"author":[{"embeddable":true,"href":"http:\/\/www.levelupsbh.com\/index.php?rest_route=\/wp\/v2\/users\/1"}],"replies":[{"embeddable":true,"href":"http:\/\/www.levelupsbh.com\/index.php?rest_route=%2Fwp%2Fv2%2Fcomments&post=112"}],"version-history":[{"count":13,"href":"http:\/\/www.levelupsbh.com\/index.php?rest_route=\/wp\/v2\/pages\/112\/revisions"}],"predecessor-version":[{"id":156,"href":"http:\/\/www.levelupsbh.com\/index.php?rest_route=\/wp\/v2\/pages\/112\/revisions\/156"}],"wp:attachment":[{"href":"http:\/\/www.levelupsbh.com\/index.php?rest_route=%2Fwp%2Fv2%2Fmedia&parent=112"}],"curies":[{"name":"wp","href":"https:\/\/api.w.org\/{rel}","templated":true}]}}