{"id":13,"date":"2021-04-29T19:06:14","date_gmt":"2021-04-29T23:06:14","guid":{"rendered":"http:\/\/www.levelupsbh.com\/?page_id=13"},"modified":"2021-10-24T19:27:46","modified_gmt":"2021-10-24T23:27:46","slug":"a-propos-de","status":"publish","type":"page","link":"http:\/\/www.levelupsbh.com\/?page_id=13","title":{"rendered":"\u00c0 propos"},"content":{"rendered":"\n<p class=\"has-drop-cap\">Cr\u00e9e en 2021, apr\u00e8s plusieurs mois de r\u00e9flexion et de travail, je suis heureux de pouvoir enfin vous proposer un tout nouveau service de \u00ab\u00a0Consulting Informatique\u00a0\u00bb \u00e0 Saint Barth\u00e9lemy: LEVEL UP!<\/p>\n\n\n\n<p>Fort de 20 ans d&rsquo;exp\u00e9rience dans le Service et les prestations informatiques \u00e0 Saint Barth\u00e9lemy, avec la cr\u00e9ation de la premi\u00e8re soci\u00e9t\u00e9 sur l\u2019\u00eele de Services Informatiques en 2002, puis la premi\u00e8re soci\u00e9t\u00e9 d&rsquo;H\u00e9bergement Web en 2005, LEVEL UP est une toute nouvelle soci\u00e9t\u00e9 qui vous propose un service de conseils informatiques in\u00e9dit sur l&rsquo;ile. En effet, LEVEL UP r\u00e9alise l&rsquo;analyse et l&rsquo;expertise informatique de votre entreprise, ou encore de la connexion WiFi de votre Villa de Location. Toujours \u00e0 votre \u00e9coute, et peu importe la taille de votre entreprise, LEVEL UP vous accompagne et vous aide \u00e0 r\u00e9aliser vos projets professionnels en optimisant votre informatique et ainsi passer \u00e0 l&rsquo;\u00e9tape sup\u00e9rieur !<\/p>\n\n\n\n<p class=\"has-text-align-right\">C\u00e9dric CHANAL \/ LEVEL UP<\/p>\n\n\n\n<div class=\"wp-block-image\"><figure class=\"aligncenter size-large\"><img loading=\"lazy\" decoding=\"async\" width=\"1024\" height=\"1024\" src=\"http:\/\/www.levelupsbh.com\/wp-content\/uploads\/2021\/10\/levelup_logo-lettre-noir-1-1024x1024.png\" alt=\"\" class=\"wp-image-170\" srcset=\"http:\/\/www.levelupsbh.com\/wp-content\/uploads\/2021\/10\/levelup_logo-lettre-noir-1-1024x1024.png 1024w, http:\/\/www.levelupsbh.com\/wp-content\/uploads\/2021\/10\/levelup_logo-lettre-noir-1-300x300.png 300w, http:\/\/www.levelupsbh.com\/wp-content\/uploads\/2021\/10\/levelup_logo-lettre-noir-1-150x150.png 150w, http:\/\/www.levelupsbh.com\/wp-content\/uploads\/2021\/10\/levelup_logo-lettre-noir-1-768x768.png 768w, http:\/\/www.levelupsbh.com\/wp-content\/uploads\/2021\/10\/levelup_logo-lettre-noir-1.png 1134w\" sizes=\"auto, (max-width: 1024px) 100vw, 1024px\" \/><\/figure><\/div>\n","protected":false},"excerpt":{"rendered":"<p>Cr\u00e9e en 2021, apr\u00e8s plusieurs mois de r\u00e9flexion et de travail, je suis heureux de pouvoir enfin vous proposer un tout nouveau service de \u00ab\u00a0Consulting Informatique\u00a0\u00bb \u00e0 Saint Barth\u00e9lemy: LEVEL UP! Fort de 20 ans d&rsquo;exp\u00e9rience dans le Service et &hellip; <a href=\"http:\/\/www.levelupsbh.com\/?page_id=13\">Continuer la lecture <span class=\"meta-nav\">&rarr;<\/span><\/a><\/p>\n","protected":false},"author":1,"featured_media":0,"parent":0,"menu_order":0,"comment_status":"closed","ping_status":"closed","template":"","meta":{"footnotes":""},"class_list":["post-13","page","type-page","status-publish","hentry"],"_links":{"self":[{"href":"http:\/\/www.levelupsbh.com\/index.php?rest_route=\/wp\/v2\/pages\/13","targetHints":{"allow":["GET"]}}],"collection":[{"href":"http:\/\/www.levelupsbh.com\/index.php?rest_route=\/wp\/v2\/pages"}],"about":[{"href":"http:\/\/www.levelupsbh.com\/index.php?rest_route=\/wp\/v2\/types\/page"}],"author":[{"embeddable":true,"href":"http:\/\/www.levelupsbh.com\/index.php?rest_route=\/wp\/v2\/users\/1"}],"replies":[{"embeddable":true,"href":"http:\/\/www.levelupsbh.com\/index.php?rest_route=%2Fwp%2Fv2%2Fcomments&post=13"}],"version-history":[{"count":31,"href":"http:\/\/www.levelupsbh.com\/index.php?rest_route=\/wp\/v2\/pages\/13\/revisions"}],"predecessor-version":[{"id":171,"href":"http:\/\/www.levelupsbh.com\/index.php?rest_route=\/wp\/v2\/pages\/13\/revisions\/171"}],"wp:attachment":[{"href":"http:\/\/www.levelupsbh.com\/index.php?rest_route=%2Fwp%2Fv2%2Fmedia&parent=13"}],"curies":[{"name":"wp","href":"https:\/\/api.w.org\/{rel}","templated":true}]}}