{"id":90,"date":"2021-10-24T13:40:44","date_gmt":"2021-10-24T17:40:44","guid":{"rendered":"http:\/\/www.levelupsbh.com\/?page_id=90"},"modified":"2021-10-24T20:53:24","modified_gmt":"2021-10-25T00:53:24","slug":"expertise-internet-wifi-villas-de-location","status":"publish","type":"page","link":"http:\/\/www.levelupsbh.com\/?page_id=90","title":{"rendered":"Expertise WiFi             \u00ab\u00a0Villas de Location\u00a0\u00bb"},"content":{"rendered":"\n<h2 class=\"has-text-align-left wp-block-heading\">Managers, Agences de Location, Propri\u00e9taires:<\/h2>\n\n\n\n<h2 class=\"has-text-align-left wp-block-heading\">Appelez d\u00e8s maintenant pour faire une v\u00e9rification compl\u00e8te de la Connexion Internet WiFi de votre Villa de Location!<\/h2>\n\n\n\n<p>Enfin une offre sp\u00e9cialement con\u00e7ue pour vos VILLAS! B\u00e9n\u00e9ficier ainsi d\u2019une v\u00e9rification compl\u00e8te &amp; d\u2019un rapport d\u00e9taill\u00e9. Et si besoin, des conseils afin d\u2019optimiser votre connexion! N\u2019attendez plus, Appelez LEVEL UP d\u00e8s maintenant C\u00e9dric CHANAL 06.90.60.97.61 cedric@levelupsbh.com <a rel=\"noreferrer noopener\" href=\"http:\/\/www.levelupsbh.com\/?fbclid=IwAR3cSIr7QQYr8HpO3PhvZ9zgiq_cauEmKt0sVmXO4FxDHrLwCFhiXLuUbjI\" target=\"_blank\">www.levelupsbh.com<\/a><\/p>\n\n\n\n<p>Call now to do a complete WiFi Internet Connection check of your Rental Villa!<\/p>\n\n\n\n<figure class=\"wp-block-image size-full\"><img loading=\"lazy\" decoding=\"async\" width=\"759\" height=\"731\" src=\"http:\/\/www.levelupsbh.com\/wp-content\/uploads\/2021\/10\/LEVEL-UP-Pub-Villa-Crop-copie.png\" alt=\"\" class=\"wp-image-91\" srcset=\"http:\/\/www.levelupsbh.com\/wp-content\/uploads\/2021\/10\/LEVEL-UP-Pub-Villa-Crop-copie.png 759w, http:\/\/www.levelupsbh.com\/wp-content\/uploads\/2021\/10\/LEVEL-UP-Pub-Villa-Crop-copie-300x289.png 300w, http:\/\/www.levelupsbh.com\/wp-content\/uploads\/2021\/10\/LEVEL-UP-Pub-Villa-Crop-copie-311x300.png 311w\" sizes=\"auto, (max-width: 759px) 100vw, 759px\" \/><\/figure>\n\n\n\n<p><\/p>\n","protected":false},"excerpt":{"rendered":"<p>Managers, Agences de Location, Propri\u00e9taires: Appelez d\u00e8s maintenant pour faire une v\u00e9rification compl\u00e8te de la Connexion Internet WiFi de votre Villa de Location! Enfin une offre sp\u00e9cialement con\u00e7ue pour vos VILLAS! B\u00e9n\u00e9ficier ainsi d\u2019une v\u00e9rification compl\u00e8te &amp; d\u2019un rapport d\u00e9taill\u00e9. &hellip; <a href=\"http:\/\/www.levelupsbh.com\/?page_id=90\">Continuer la lecture <span class=\"meta-nav\">&rarr;<\/span><\/a><\/p>\n","protected":false},"author":1,"featured_media":0,"parent":0,"menu_order":0,"comment_status":"closed","ping_status":"closed","template":"","meta":{"footnotes":""},"class_list":["post-90","page","type-page","status-publish","hentry"],"_links":{"self":[{"href":"http:\/\/www.levelupsbh.com\/index.php?rest_route=\/wp\/v2\/pages\/90","targetHints":{"allow":["GET"]}}],"collection":[{"href":"http:\/\/www.levelupsbh.com\/index.php?rest_route=\/wp\/v2\/pages"}],"about":[{"href":"http:\/\/www.levelupsbh.com\/index.php?rest_route=\/wp\/v2\/types\/page"}],"author":[{"embeddable":true,"href":"http:\/\/www.levelupsbh.com\/index.php?rest_route=\/wp\/v2\/users\/1"}],"replies":[{"embeddable":true,"href":"http:\/\/www.levelupsbh.com\/index.php?rest_route=%2Fwp%2Fv2%2Fcomments&post=90"}],"version-history":[{"count":12,"href":"http:\/\/www.levelupsbh.com\/index.php?rest_route=\/wp\/v2\/pages\/90\/revisions"}],"predecessor-version":[{"id":174,"href":"http:\/\/www.levelupsbh.com\/index.php?rest_route=\/wp\/v2\/pages\/90\/revisions\/174"}],"wp:attachment":[{"href":"http:\/\/www.levelupsbh.com\/index.php?rest_route=%2Fwp%2Fv2%2Fmedia&parent=90"}],"curies":[{"name":"wp","href":"https:\/\/api.w.org\/{rel}","templated":true}]}}